{"id":19637,"date":"2017-01-20T20:36:09","date_gmt":"2017-01-20T22:36:09","guid":{"rendered":"https:\/\/porno.spartanas.com\/contact\/"},"modified":"2025-03-08T00:08:44","modified_gmt":"2025-03-08T03:08:44","slug":"contact","status":"publish","type":"page","link":"https:\/\/porno.spartanas.com\/en\/contact\/","title":{"rendered":"Contact"},"content":{"rendered":"<div class=\"wpb-content-wrapper\"><p>[vc_row wrap_container=&#8221;yes&#8221; is_section=&#8221;yes&#8221; section_skin=&#8221;parallax&#8221; remove_margin_top=&#8221;yes&#8221; remove_border=&#8221;yes&#8221; el_class=&#8221;cform7&#8243;][vc_column width=&#8221;7\/12&#8243; offset=&#8221;vc_col-lg-9 vc_col-md-9&#8243;][vc_custom_heading text=&#8221;Contact&#8221; font_container=&#8221;tag:h1|text_align:left&#8221; use_theme_fonts=&#8221;yes&#8221; el_class=&#8221;m-b-none&#8221;][vc_custom_heading text=&#8221;Can we help?&#8221; use_theme_fonts=&#8221;yes&#8221; el_class=&#8221;m-b&#8221;][vc_column_text css=&#8221;.vc_custom_1670525679555{padding-bottom: 15px !important;}&#8221;]<\/p>\n<h5>Our business hours are Monday to Friday, from 13:00 to 20:00. We will try to respond as soon as possible, according to the demand for requests. Thank you!<\/h5>\n<p>[\/vc_column_text][vc_row_inner][vc_column_inner offset=&#8221;vc_col-lg-4 vc_col-md-4&#8243;]<div class=\"porto-sicon-box  wpb_custom_2c39dcb12c192c6ff4e3e734f9c7c3d1 style_1 left-icon\"><div class=\"porto-sicon-left\"><div class=\"porto-just-icon-wrapper porto-sicon-img  porto-icon-9f5d1cfb45d27d96b50bf473aebba227\" style=\"font-size: 57px;\"><img decoding=\"async\" class=\"img-icon\" alt=\"\" src=\"https:\/\/porno.spartanas.com\/wp-content\/uploads\/2017\/01\/pin.png\" width=\"57\" height=\"66\" \/><\/div><\/div><div class=\"porto-sicon-body\"><div class=\"porto-sicon-header\"><h6 class=\"porto-sicon-title\" style=\"font-weight:700;font-size:19px;line-height:18px;\">S\u00e3o Paulo<\/h6><p>Edif\u00edcio Mirante do Vale<\/p><\/div> <!-- header --><div class=\"porto-sicon-description\" style=\"\">\n<h5>Pra\u00e7a Pedro Lessa, 110<br \/>\nCentro Hist\u00f3rico de S\u00e3o Paulo, S\u00e3o Paulo &#8211; SP, 01032-030<br \/>\n<strong>Phone:<\/strong> <a class=\"text-color-dark\" href=\"https:\/\/api.whatsapp.com\/send?phone=5511940508967\">+55 11 94050-8967<\/a><\/h5>\n<p><\/div> <!-- description --><\/div><\/div><!-- porto-sicon-box -->[\/vc_column_inner][vc_column_inner offset=&#8221;vc_col-lg-4 vc_col-md-4&#8243; css=&#8221;.vc_custom_1486225414257{padding-left: 5px !important;}&#8221;][\/vc_column_inner][vc_column_inner width=&#8221;1\/3&#8243;][\/vc_column_inner][\/vc_row_inner][\/vc_column][vc_column width=&#8221;5\/12&#8243; offset=&#8221;vc_col-lg-3 vc_col-md-3 vc_col-xs-12&#8243; el_class=&#8221;custom-join-now-form&#8221;][\/vc_column][\/vc_row][vc_row wrap_container=&#8221;yes&#8221; css=&#8221;.vc_custom_1528874782808{padding-top: 50px !important;padding-bottom: 40px !important;background-color: #0a0a0a !important;}&#8221;][vc_column offset=&#8221;vc_col-lg-7 vc_col-md-7&#8243;][vc_custom_heading text=&#8221;Send us your questions&#8221; font_container=&#8221;tag:h1|text_align:left|color:%23ffffff&#8221; use_theme_fonts=&#8221;yes&#8221; el_class=&#8221;m-b&#8221;]<style id=\"wpforms-css-vars-19722\">\n\t\t\t\t#wpforms-19722 {\n\t\t\t\t\n\t\t\t}\n\t\t\t<\/style><div class=\"wpforms-container wpforms-container-full form-contato wpforms-render-modern\" id=\"wpforms-19722\"><form id=\"wpforms-form-19722\" class=\"wpforms-validate wpforms-form wpforms-ajax-form\" data-formid=\"19722\" method=\"post\" enctype=\"multipart\/form-data\" action=\"\/en\/wp-json\/wp\/v2\/pages\/19637\" data-token=\"e85ff37cfff73903c32a2fb99b53c6cb\" data-token-time=\"1777701952\"><noscript class=\"wpforms-error-noscript\">Please enable JavaScript in your browser to complete this form.<\/noscript><div id=\"wpforms-error-noscript\" style=\"display: none;\">Please enable JavaScript in your browser to complete this form.<\/div><div class=\"wpforms-field-container\"><div id=\"wpforms-19722-field_0-container\" class=\"wpforms-field wpforms-field-name\" data-field-id=\"0\"><label class=\"wpforms-field-label wpforms-label-hide\" for=\"wpforms-19722-field_0\" aria-hidden=\"false\">Name <span class=\"wpforms-required-label\" aria-hidden=\"true\">*<\/span><\/label><input type=\"text\" id=\"wpforms-19722-field_0\" class=\"wpforms-field-medium wpforms-field-required\" name=\"wpforms[fields][0]\" placeholder=\"Name\" aria-errormessage=\"wpforms-19722-field_0-error\" required><\/div><div id=\"wpforms-19722-field_1-container\" class=\"wpforms-field wpforms-field-email\" data-field-id=\"1\"><fieldset><legend class=\"wpforms-field-label wpforms-label-hide\" aria-hidden=\"false\">Email <span class=\"wpforms-required-label\" aria-hidden=\"true\">*<\/span><\/legend><div class=\"wpforms-field-row wpforms-field-medium\"><div class=\"wpforms-field-row-block wpforms-one-half wpforms-first\"><input type=\"email\" id=\"wpforms-19722-field_1\" class=\"wpforms-field-required wpforms-field-email-primary\" name=\"wpforms[fields][1][primary]\" placeholder=\"Your email*\" spellcheck=\"false\" aria-errormessage=\"wpforms-19722-field_1-error\" required><label for=\"wpforms-19722-field_1\" class=\"wpforms-field-sublabel after wpforms-sublabel-hide\">Email<\/label><\/div><div class=\"wpforms-field-row-block wpforms-one-half\"><input type=\"email\" id=\"wpforms-19722-field_1-secondary\" class=\"wpforms-field-email-secondary wpforms-field-required\" data-rule-confirm=\"#wpforms-19722-field_1\" name=\"wpforms[fields][1][secondary]\" placeholder=\"Confirm email*\" spellcheck=\"false\" aria-errormessage=\"wpforms-19722-field_1-secondary-error\" required><label for=\"wpforms-19722-field_1-secondary\" class=\"wpforms-field-sublabel after wpforms-sublabel-hide\">Confirm Email<\/label><\/div><\/div><\/fieldset><\/div><div id=\"wpforms-19722-field_3-container\" class=\"wpforms-field wpforms-field-text\" data-field-id=\"3\"><label class=\"wpforms-field-label wpforms-label-hide\" for=\"wpforms-19722-field_3\" aria-hidden=\"false\">Telephone* <span class=\"wpforms-required-label\" aria-hidden=\"true\">*<\/span><\/label><input type=\"text\" id=\"wpforms-19722-field_3\" class=\"wpforms-field-medium wpforms-field-required wpforms-masked-input\" data-rule-inputmask-incomplete=\"1\" data-inputmask-mask=\"99999999999\" name=\"wpforms[fields][3]\" placeholder=\"Telephone*\" aria-errormessage=\"wpforms-19722-field_3-error\" required><\/div><div id=\"wpforms-19722-field_2-container\" class=\"wpforms-field wpforms-field-textarea\" data-field-id=\"2\"><label class=\"wpforms-field-label wpforms-label-hide\" for=\"wpforms-19722-field_2\" aria-hidden=\"false\">Message <span class=\"wpforms-required-label\" aria-hidden=\"true\">*<\/span><\/label><textarea id=\"wpforms-19722-field_2\" class=\"wpforms-field-small wpforms-field-required\" name=\"wpforms[fields][2]\" placeholder=\"Message*\" aria-errormessage=\"wpforms-19722-field_2-error\" required><\/textarea><\/div><\/div><!-- .wpforms-field-container --><div class=\"wpforms-submit-container\" ><input type=\"hidden\" name=\"wpforms[id]\" value=\"19722\"><input type=\"hidden\" name=\"page_title\" value=\"\"><input type=\"hidden\" name=\"page_url\" value=\"https:\/\/porno.spartanas.com\/en\/wp-json\/wp\/v2\/pages\/19637\"><input type=\"hidden\" name=\"url_referer\" value=\"\"><button type=\"submit\" name=\"wpforms[submit]\" id=\"wpforms-submit-19722\" class=\"wpforms-submit form-contato-submit\" data-alt-text=\"Enviando...\" data-submit-text=\"Enviar\" aria-live=\"assertive\" value=\"wpforms-submit\">Enviar<\/button><img decoding=\"async\" src=\"https:\/\/porno.spartanas.com\/wp-content\/plugins\/wpforms-lite\/assets\/images\/submit-spin.svg\" class=\"wpforms-submit-spinner\" style=\"display: none;\" width=\"26\" height=\"26\" alt=\"Loading\"><\/div><\/form><\/div>  <!-- .wpforms-container -->[\/vc_column][vc_column css=&#8221;.vc_custom_1486123601262{margin-top: 0px !important;margin-bottom: 25px !important;}&#8221; offset=&#8221;vc_col-lg-5 vc_col-md-5&#8243;][vc_custom_heading text=&#8221;Spartanas porn&#8221; font_container=&#8221;tag:h1|text_align:left|color:%23ffffff&#8221; use_theme_fonts=&#8221;yes&#8221; el_class=&#8221;m-b&#8221;][vc_row_inner][vc_column_inner width=&#8221;1\/2&#8243; css=&#8221;.vc_custom_1484999461741{padding-left: 5px !important;}&#8221;][vc_column_text css=&#8221;.vc_custom_1669322436288{margin-left: 25px !important;}&#8221;]<\/p>\n<ul class=\"list list-icons list-light text-color-light\">\n<li><i class=\"fa fa-check\"><\/i>Porn with Story<\/li>\n<li><i class=\"fa fa-check\"><\/i>Hot actresses<\/li>\n<li><i class=\"fa fa-check\"><\/i>Real jokes<br \/>\n<i class=\"fa fa-check\"><\/i><\/li>\n<\/ul>\n<p>[\/vc_column_text][\/vc_column_inner][vc_column_inner width=&#8221;1\/2&#8243;][vc_column_text css=&#8221;.vc_custom_1669322815928{margin-left: 13px !important;}&#8221;]<\/p>\n<ul class=\"list list-icons list-light text-color-light\">\n<li><i class=\"fa fa-check\"><\/i>Behind the scenes<\/li>\n<li><i class=\"fa fa-check\"><\/i>Weekly News<\/li>\n<li><i class=\"fa fa-check\"><\/i>Julia Carioca is Ours<i class=\"fa fa-check\"><\/i><\/li>\n<\/ul>\n<p>[\/vc_column_text][\/vc_column_inner][\/vc_row_inner][\/vc_column][\/vc_row][vc_row el_class=&#8221;custom-full-width-p-none&#8221;][vc_column]<div class=\"porto-block\" data-id=\"19653\"><style>.vc_custom_1709736668853{padding-top: 40px !important;padding-right: 40px !important;padding-bottom: 40px !important;padding-left: 40px !important;background-image: url(http:\/\/porno.spartanas.com\/wp-content\/uploads\/2017\/02\/spartanas-produtora-footer-1-2.webp?id=11433) !important;}.vc_custom_1709736598958{padding-top: 40px !important;padding-right: 40px !important;padding-bottom: 40px !important;padding-left: 40px !important;background-image: url(http:\/\/porno.spartanas.com\/wp-content\/uploads\/2017\/02\/spartanas-produtora-footer-2-2.webp?id=11430) !important;}.vc_custom_1709736833784{padding-top: 40px !important;padding-right: 40px !important;padding-bottom: 40px !important;padding-left: 40px !important;background-image: url(http:\/\/porno.spartanas.com\/wp-content\/uploads\/2017\/02\/spartanas-produtora-footer-3-2-2.webp?id=11434) !important;}.vc_custom_1673646797141{margin-bottom: 0px !important;}<\/style>[vc_row full_width=\"stretch_row_content_no_spaces\" remove_margin_top=\"yes\" remove_margin_bottom=\"yes\" remove_padding_top=\"yes\" remove_padding_bottom=\"yes\" remove_border=\"yes\" conditional_render=\"%5B%7B%22value_role%22%3A%22administrator%22%7D%5D\"][vc_column section_text_color=\"dark\" text_align=\"left\" remove_margin_top=\"yes\" remove_margin_bottom=\"yes\" remove_padding_top=\"yes\" remove_padding_bottom=\"yes\" remove_border=\"yes\" css=\".vc_custom_1709736668853{padding-top: 40px !important;padding-right: 40px !important;padding-bottom: 40px !important;padding-left: 40px !important;background-image: url(http:\/\/porno.spartanas.com\/wp-content\/uploads\/2017\/02\/spartanas-produtora-footer-1-2.webp?id=11433) !important;}\" el_class=\"custom-overlay-style-2 custom-wide-section\" offset=\"vc_col-lg-4 vc_col-md-4\" conditional_render=\"%5B%7B%22value_role%22%3A%22administrator%22%7D%5D\"]<div class=\"porto-u-heading  wpb_custom_95aa9a11c17ad45cfabaf210d84ee7cc porto-u-ad87e2eaf3f9c495180fe0156ddf3eb0 \"><div class=\"porto-u-main-heading\"><h1   style=\"font-weight:bold;color:#ffffff;\">We Buy Your Videos<\/h1><\/div><style>.porto-u-ad87e2eaf3f9c495180fe0156ddf3eb0.porto-u-heading{text-align:left}<\/style><\/div><div class=\"porto-block\" data-id=\"19652\"><style>.wpb_custom_c86c2fb53cae9eced42d4b8900a042f3 .owl-item:not(.active){opacity: 0.5}.wpb_custom_c86c2fb53cae9eced42d4b8900a042f3{--porto-el-spacing: 0px;}<\/style>[vc_row][vc_column]<div class=\"porto-carousel owl-carousel has-ccols ccols-xl-1 ccols-lg-1 ccols-md-1 ccols-sm-1 ccols-1 resources custom-dots-style-2 wpb_custom_c86c2fb53cae9eced42d4b8900a042f3\" data-plugin-options=\"{&quot;themeConfig&quot;:true,&quot;stagePadding&quot;:0,&quot;margin&quot;:0,&quot;autoplay&quot;:&quot;yes&quot;,&quot;mouseDrag&quot;:true,&quot;touchDrag&quot;:true,&quot;autoplayTimeout&quot;:5000,&quot;autoplayHoverPause&quot;:&quot;true&quot;,&quot;items&quot;:1,&quot;xl&quot;:1,&quot;lg&quot;:1,&quot;md&quot;:1,&quot;sm&quot;:1,&quot;xs&quot;:1,&quot;nav&quot;:false,&quot;dots&quot;:&quot;yes&quot;,&quot;animateIn&quot;:&quot;&quot;,&quot;animateOut&quot;:&quot;&quot;,&quot;loop&quot;:&quot;yes&quot;,&quot;center&quot;:false,&quot;video&quot;:false,&quot;lazyLoad&quot;:false,&quot;fullscreen&quot;:false}\">[vc_row_inner][vc_column_inner width=\"1\/6\"][vc_column_text]<span style=\"color: #ffffff;\">1<\/span>[\/vc_column_text][\/vc_column_inner][vc_column_inner width=\"5\/6\"][vc_column_text]<span style=\"font-size: 1.5em; color: #ffffff;\">Do you like having sex?<\/span><br><span style=\"color: #ebebeb;\">Do you love showing off when you're having sex? Does it make you even hornier?<\/span>[\/vc_column_text][\/vc_column_inner][\/vc_row_inner][vc_row_inner][vc_column_inner width=\"1\/6\"][vc_column_text]<span style=\"color: #ffffff;\">2<\/span>[\/vc_column_text][\/vc_column_inner][vc_column_inner width=\"5\/6\"][vc_column_text]<span style=\"font-size: 1.5em; color: #ffffff;\">High resolution<\/span><br><span style=\"color: #ebebeb;\">Your videos must be recorded in at least Full HD or 4K and be at least 25 minutes long. <\/span>[\/vc_column_text][\/vc_column_inner][\/vc_row_inner][vc_row_inner][vc_column_inner width=\"1\/6\"][vc_column_text]<span style=\"color: #ffffff;\">3<\/span>[\/vc_column_text][\/vc_column_inner][vc_column_inner width=\"5\/6\"][vc_column_text]<span style=\"font-size: 1.5em; color: #ffffff;\">Proven age of majority<\/span><br><span style=\"color: #ebebeb;\">You and your Partner must present documents proving that you are of legal age. <\/span>[\/vc_column_text][\/vc_column_inner][\/vc_row_inner]<\/div>[\/vc_column][\/vc_row]<\/div>[\/vc_column][vc_column section_text_color=\"dark\" text_align=\"left\" remove_margin_top=\"yes\" remove_margin_bottom=\"yes\" remove_padding_top=\"yes\" remove_padding_bottom=\"yes\" remove_border=\"yes\" css=\".vc_custom_1709736598958{padding-top: 40px !important;padding-right: 40px !important;padding-bottom: 40px !important;padding-left: 40px !important;background-image: url(http:\/\/porno.spartanas.com\/wp-content\/uploads\/2017\/02\/spartanas-produtora-footer-2-2.webp?id=11430) !important;}\" el_class=\"custom-overlay-style-2 custom-wide-section\" offset=\"vc_col-lg-4 vc_col-md-4\" conditional_render=\"%5B%7B%22value_role%22%3A%22administrator%22%7D%5D\"]<div class=\"porto-u-heading  wpb_custom_95aa9a11c17ad45cfabaf210d84ee7cc porto-u-ad87e2eaf3f9c495180fe0156ddf3eb0 \"><div class=\"porto-u-main-heading\"><h1   style=\"font-weight:bold;color:#ffffff;\">Record With Us<\/h1><\/div><style>.porto-u-ad87e2eaf3f9c495180fe0156ddf3eb0.porto-u-heading{text-align:left}<\/style><\/div>[vc_column_text css=\".vc_custom_1673646797141{margin-bottom: 0px !important;}\" el_class=\"custom-lists custom-text-color-1 custom-lists-style-1\"]<label>WhatsApp<\/label>: +55 11 94050-8967<br \/>\r\n<label>Email<\/label>: contato@spartanas.com.br<br \/>\r\n<label>Talk to<\/label>: Beto or Duda[\/vc_column_text][\/vc_column][vc_column section_text_color=\"dark\" text_align=\"left\" remove_margin_top=\"yes\" remove_margin_bottom=\"yes\" remove_padding_top=\"yes\" remove_padding_bottom=\"yes\" remove_border=\"yes\" css=\".vc_custom_1709736833784{padding-top: 40px !important;padding-right: 40px !important;padding-bottom: 40px !important;padding-left: 40px !important;background-image: url(http:\/\/porno.spartanas.com\/wp-content\/uploads\/2017\/02\/spartanas-produtora-footer-3-2-2.webp?id=11434) !important;}\" el_class=\"custom-overlay-style-2 custom-wide-section\" offset=\"vc_col-lg-4 vc_col-md-4\" conditional_render=\"%5B%7B%22value_role%22%3A%22administrator%22%7D%5D\"]<div class=\"porto-u-heading  wpb_custom_95aa9a11c17ad45cfabaf210d84ee7cc porto-u-ad87e2eaf3f9c495180fe0156ddf3eb0 \"><div class=\"porto-u-main-heading\"><h1   style=\"font-weight:bold;color:#ffffff;\">Professionalism and seriousness<\/h1><\/div><style>.porto-u-ad87e2eaf3f9c495180fe0156ddf3eb0.porto-u-heading{text-align:left}<\/style><\/div><div class=\"porto-block\" data-id=\"19636\"><style>.wpb_custom_c86c2fb53cae9eced42d4b8900a042f3 .owl-item:not(.active){opacity: 0.5}.wpb_custom_c86c2fb53cae9eced42d4b8900a042f3{--porto-el-spacing: 0px;}<\/style>[vc_row conditional_render=\"%5B%7B%22value_role%22%3A%22administrator%22%7D%5D\"][vc_column]<div class=\"porto-carousel owl-carousel has-ccols ccols-xl-1 ccols-lg-1 ccols-md-1 ccols-sm-1 ccols-1 resources custom-dots-style-2 wpb_custom_c86c2fb53cae9eced42d4b8900a042f3\" data-plugin-options=\"{&quot;themeConfig&quot;:true,&quot;stagePadding&quot;:0,&quot;margin&quot;:0,&quot;autoplay&quot;:&quot;yes&quot;,&quot;mouseDrag&quot;:true,&quot;touchDrag&quot;:true,&quot;autoplayTimeout&quot;:5000,&quot;autoplayHoverPause&quot;:&quot;true&quot;,&quot;items&quot;:1,&quot;xl&quot;:1,&quot;lg&quot;:1,&quot;md&quot;:1,&quot;sm&quot;:1,&quot;xs&quot;:1,&quot;nav&quot;:false,&quot;dots&quot;:&quot;yes&quot;,&quot;animateIn&quot;:&quot;&quot;,&quot;animateOut&quot;:&quot;&quot;,&quot;loop&quot;:&quot;yes&quot;,&quot;center&quot;:false,&quot;video&quot;:false,&quot;lazyLoad&quot;:false,&quot;fullscreen&quot;:false}\">[vc_row_inner][vc_column_inner width=\"1\/6\"][vc_column_text]<span style=\"color: #ffffff;\">1<\/span>[\/vc_column_text][\/vc_column_inner][vc_column_inner width=\"5\/6\"][vc_column_text]<span style=\"font-size: 1.5em; color: #ffffff;\">Medical examinations<\/span><br><span style=\"color: #ebebeb;\">The health of our Actresses and Actors always comes first! Tests must always be up to date.<\/span>[\/vc_column_text][\/vc_column_inner][\/vc_row_inner][vc_row_inner][vc_column_inner width=\"1\/6\"][vc_column_text]<span style=\"color: #ffffff;\">2<\/span>[\/vc_column_text][\/vc_column_inner][vc_column_inner width=\"5\/6\"][vc_column_text]<span style=\"font-size: 1.5em; color: #ffffff;\">Transparency<\/span><br><span style=\"color: #ebebeb;\">Our contracts are extremely transparent and are signed in 2 copies of equal content. For the safety of both parties!  <\/span>[\/vc_column_text][\/vc_column_inner][\/vc_row_inner][vc_row_inner][vc_column_inner width=\"1\/6\"][vc_column_text]<span style=\"color: #ffffff;\">3<\/span>[\/vc_column_text][\/vc_column_inner][vc_column_inner width=\"5\/6\"][vc_column_text]<span style=\"font-size: 1.5em; color: #ffffff;\">Payment on the spot<\/span><br><span style=\"color: #ebebeb;\">At the end of your recording, you receive your fee immediately via PIX. <\/span>[\/vc_column_text][\/vc_column_inner][\/vc_row_inner]<\/div>[\/vc_column][\/vc_row]<\/div>[\/vc_column][\/vc_row]<\/div>[\/vc_column][\/vc_row]<\/p>\n<\/div>","protected":false},"excerpt":{"rendered":"<p>[vc_row wrap_container=&#8221;yes&#8221; is_section=&#8221;yes&#8221; section_skin=&#8221;parallax&#8221; remove_margin_top=&#8221;yes&#8221; remove_border=&#8221;yes&#8221; el_class=&#8221;cform7&#8243;][vc_column width=&#8221;7\/12&#8243; offset=&#8221;vc_col-lg-9 vc_col-md-9&#8243;][vc_custom_heading text=&#8221;Contact&#8221; font_container=&#8221;tag:h1|text_align:left&#8221; use_theme_fonts=&#8221;yes&#8221; el_class=&#8221;m-b-none&#8221;][vc_custom_heading text=&#8221;Can we help?&#8221; use_theme_fonts=&#8221;yes&#8221; el_class=&#8221;m-b&#8221;][vc_column_text css=&#8221;.vc_custom_1670525679555{padding-bottom: 15px !important;}&#8221;] Our business hours are Monday to Friday, from 13:00 to 20:00. We will try to respond as soon as possible, according to the demand for requests. Thank you! [\/vc_column_text][vc_row_inner][vc_column_inner offset=&#8221;vc_col-lg-4 vc_col-md-4&#8243;][\/vc_column_inner][vc_column_inner offset=&#8221;vc_col-lg-4 vc_col-md-4&#8243; [&hellip;]<\/p>\n","protected":false},"author":3,"featured_media":0,"parent":0,"menu_order":0,"comment_status":"closed","ping_status":"closed","template":"","meta":{"_acf_changed":false,"footnotes":""},"class_list":["post-19637","page","type-page","status-publish","hentry"],"acf":[],"yoast_head":"<!-- This site is optimized with the Yoast SEO Premium plugin v25.2 (Yoast SEO v25.2) - https:\/\/yoast.com\/wordpress\/plugins\/seo\/ -->\n<title>Contact - Porn\u00f4 Spartanas<\/title>\n<meta name=\"robots\" content=\"index, follow, max-snippet:-1, max-image-preview:large, max-video-preview:-1\" \/>\n<link rel=\"canonical\" href=\"https:\/\/porno.spartanas.com\/en\/contact\/\" \/>\n<meta property=\"og:locale\" content=\"en_US\" \/>\n<meta property=\"og:type\" content=\"article\" \/>\n<meta property=\"og:title\" content=\"Contact\" \/>\n<meta property=\"og:description\" content=\"[vc_row wrap_container=&#8221;yes&#8221; is_section=&#8221;yes&#8221; section_skin=&#8221;parallax&#8221; remove_margin_top=&#8221;yes&#8221; remove_border=&#8221;yes&#8221; el_class=&#8221;cform7&#8243;][vc_column width=&#8221;7\/12&#8243; offset=&#8221;vc_col-lg-9 vc_col-md-9&#8243;][vc_custom_heading text=&#8221;Contact&#8221; font_container=&#8221;tag:h1|text_align:left&#8221; use_theme_fonts=&#8221;yes&#8221; el_class=&#8221;m-b-none&#8221;][vc_custom_heading text=&#8221;Can we help?&#8221; use_theme_fonts=&#8221;yes&#8221; el_class=&#8221;m-b&#8221;][vc_column_text css=&#8221;.vc_custom_1670525679555{padding-bottom: 15px !important;}&#8221;] Our business hours are Monday to Friday, from 13:00 to 20:00. We will try to respond as soon as possible, according to the demand for requests. Thank you! [\/vc_column_text][vc_row_inner][vc_column_inner offset=&#8221;vc_col-lg-4 vc_col-md-4&#8243;][\/vc_column_inner][vc_column_inner offset=&#8221;vc_col-lg-4 vc_col-md-4&#8243; [&hellip;]\" \/>\n<meta property=\"og:url\" content=\"https:\/\/porno.spartanas.com\/en\/contact\/\" \/>\n<meta property=\"og:site_name\" content=\"Porn\u00f4 Spartanas\" \/>\n<meta property=\"article:modified_time\" content=\"2025-03-08T03:08:44+00:00\" \/>\n<meta name=\"twitter:card\" content=\"summary_large_image\" \/>\n<meta name=\"twitter:site\" content=\"@spartanasmodels\" \/>\n<meta name=\"twitter:label1\" content=\"Est. reading time\" \/>\n\t<meta name=\"twitter:data1\" content=\"2 minutes\" \/>\n<script type=\"application\/ld+json\" class=\"yoast-schema-graph\">{\"@context\":\"https:\/\/schema.org\",\"@graph\":[{\"@type\":\"WebPage\",\"@id\":\"https:\/\/porno.spartanas.com\/en\/contact\/\",\"url\":\"https:\/\/porno.spartanas.com\/en\/contact\/\",\"name\":\"Contact - Porn\u00f4 Spartanas\",\"isPartOf\":{\"@id\":\"https:\/\/porno.spartanas.com\/#website\"},\"datePublished\":\"2017-01-20T22:36:09+00:00\",\"dateModified\":\"2025-03-08T03:08:44+00:00\",\"breadcrumb\":{\"@id\":\"https:\/\/porno.spartanas.com\/en\/contact\/#breadcrumb\"},\"inLanguage\":\"en-US\",\"potentialAction\":[{\"@type\":\"ReadAction\",\"target\":[\"https:\/\/porno.spartanas.com\/en\/contact\/\"]}]},{\"@type\":\"BreadcrumbList\",\"@id\":\"https:\/\/porno.spartanas.com\/en\/contact\/#breadcrumb\",\"itemListElement\":[{\"@type\":\"ListItem\",\"position\":1,\"name\":\"In\u00edcio\",\"item\":\"https:\/\/porno.spartanas.com\/en\/home\/\"},{\"@type\":\"ListItem\",\"position\":2,\"name\":\"Contact\"}]},{\"@type\":\"WebSite\",\"@id\":\"https:\/\/porno.spartanas.com\/#website\",\"url\":\"https:\/\/porno.spartanas.com\/\",\"name\":\"Porn\u00f4 Spartanas\",\"description\":\"Quer Porn\u00f4 Bom? Com Historinha e Gostosas? Somente no Spartanas!\",\"potentialAction\":[{\"@type\":\"SearchAction\",\"target\":{\"@type\":\"EntryPoint\",\"urlTemplate\":\"https:\/\/porno.spartanas.com\/?s={search_term_string}\"},\"query-input\":{\"@type\":\"PropertyValueSpecification\",\"valueRequired\":true,\"valueName\":\"search_term_string\"}}],\"inLanguage\":\"en-US\"}]}<\/script>\n<!-- \/ Yoast SEO Premium plugin. -->","yoast_head_json":{"title":"Contact - Porn\u00f4 Spartanas","robots":{"index":"index","follow":"follow","max-snippet":"max-snippet:-1","max-image-preview":"max-image-preview:large","max-video-preview":"max-video-preview:-1"},"canonical":"https:\/\/porno.spartanas.com\/en\/contact\/","og_locale":"en_US","og_type":"article","og_title":"Contact","og_description":"[vc_row wrap_container=&#8221;yes&#8221; is_section=&#8221;yes&#8221; section_skin=&#8221;parallax&#8221; remove_margin_top=&#8221;yes&#8221; remove_border=&#8221;yes&#8221; el_class=&#8221;cform7&#8243;][vc_column width=&#8221;7\/12&#8243; offset=&#8221;vc_col-lg-9 vc_col-md-9&#8243;][vc_custom_heading text=&#8221;Contact&#8221; font_container=&#8221;tag:h1|text_align:left&#8221; use_theme_fonts=&#8221;yes&#8221; el_class=&#8221;m-b-none&#8221;][vc_custom_heading text=&#8221;Can we help?&#8221; use_theme_fonts=&#8221;yes&#8221; el_class=&#8221;m-b&#8221;][vc_column_text css=&#8221;.vc_custom_1670525679555{padding-bottom: 15px !important;}&#8221;] Our business hours are Monday to Friday, from 13:00 to 20:00. We will try to respond as soon as possible, according to the demand for requests. Thank you! [\/vc_column_text][vc_row_inner][vc_column_inner offset=&#8221;vc_col-lg-4 vc_col-md-4&#8243;][\/vc_column_inner][vc_column_inner offset=&#8221;vc_col-lg-4 vc_col-md-4&#8243; [&hellip;]","og_url":"https:\/\/porno.spartanas.com\/en\/contact\/","og_site_name":"Porn\u00f4 Spartanas","article_modified_time":"2025-03-08T03:08:44+00:00","twitter_card":"summary_large_image","twitter_site":"@spartanasmodels","twitter_misc":{"Est. reading time":"2 minutes"},"schema":{"@context":"https:\/\/schema.org","@graph":[{"@type":"WebPage","@id":"https:\/\/porno.spartanas.com\/en\/contact\/","url":"https:\/\/porno.spartanas.com\/en\/contact\/","name":"Contact - Porn\u00f4 Spartanas","isPartOf":{"@id":"https:\/\/porno.spartanas.com\/#website"},"datePublished":"2017-01-20T22:36:09+00:00","dateModified":"2025-03-08T03:08:44+00:00","breadcrumb":{"@id":"https:\/\/porno.spartanas.com\/en\/contact\/#breadcrumb"},"inLanguage":"en-US","potentialAction":[{"@type":"ReadAction","target":["https:\/\/porno.spartanas.com\/en\/contact\/"]}]},{"@type":"BreadcrumbList","@id":"https:\/\/porno.spartanas.com\/en\/contact\/#breadcrumb","itemListElement":[{"@type":"ListItem","position":1,"name":"In\u00edcio","item":"https:\/\/porno.spartanas.com\/en\/home\/"},{"@type":"ListItem","position":2,"name":"Contact"}]},{"@type":"WebSite","@id":"https:\/\/porno.spartanas.com\/#website","url":"https:\/\/porno.spartanas.com\/","name":"Porn\u00f4 Spartanas","description":"Quer Porn\u00f4 Bom? Com Historinha e Gostosas? Somente no Spartanas!","potentialAction":[{"@type":"SearchAction","target":{"@type":"EntryPoint","urlTemplate":"https:\/\/porno.spartanas.com\/?s={search_term_string}"},"query-input":{"@type":"PropertyValueSpecification","valueRequired":true,"valueName":"search_term_string"}}],"inLanguage":"en-US"}]}},"_links":{"self":[{"href":"https:\/\/porno.spartanas.com\/en\/wp-json\/wp\/v2\/pages\/19637","targetHints":{"allow":["GET"]}}],"collection":[{"href":"https:\/\/porno.spartanas.com\/en\/wp-json\/wp\/v2\/pages"}],"about":[{"href":"https:\/\/porno.spartanas.com\/en\/wp-json\/wp\/v2\/types\/page"}],"author":[{"embeddable":true,"href":"https:\/\/porno.spartanas.com\/en\/wp-json\/wp\/v2\/users\/3"}],"replies":[{"embeddable":true,"href":"https:\/\/porno.spartanas.com\/en\/wp-json\/wp\/v2\/comments?post=19637"}],"version-history":[{"count":0,"href":"https:\/\/porno.spartanas.com\/en\/wp-json\/wp\/v2\/pages\/19637\/revisions"}],"wp:attachment":[{"href":"https:\/\/porno.spartanas.com\/en\/wp-json\/wp\/v2\/media?parent=19637"}],"curies":[{"name":"wp","href":"https:\/\/api.w.org\/{rel}","templated":true}]}}